{"id":1488,"date":"2018-06-07T12:22:40","date_gmt":"2018-06-07T12:22:40","guid":{"rendered":"https:\/\/www.cad-dizajn.hr\/savjetovanje-na-podrucju-brizganja-plastike-i-izrade-alata\/"},"modified":"2018-07-02T12:27:37","modified_gmt":"2018-07-02T12:27:37","slug":"die-beratung-auf-dem-gebiet-des-plastikspritzens-und-der-herstellung-der-werkzeuge","status":"publish","type":"page","link":"https:\/\/www.cad-dizajn.hr\/de\/die-beratung-auf-dem-gebiet-des-plastikspritzens-und-der-herstellung-der-werkzeuge\/","title":{"rendered":"Die Beratung auf dem Gebiet des Plastikspritzens und der Herstellung der Werkzeuge"},"content":{"rendered":"<p>[vc_row css_animation=&#8220;&#8220; row_type=&#8220;row&#8220; use_row_as_full_screen_section=&#8220;no&#8220; type=&#8220;grid&#8220; angled_section=&#8220;no&#8220; text_align=&#8220;left&#8220; background_image_as_pattern=&#8220;without_pattern&#8220; css=&#8220;.vc_custom_1529309901485{margin-top: 75px !important;}&#8220; z_index=&#8220;&#8220;][vc_column][qode_elements_holder number_of_columns=&#8220;two_columns&#8220;][qode_elements_holder_item item_padding=&#8220;10px 0px 50px 0px&#8220; vertical_alignment=&#8220;middle&#8220; advanced_animations=&#8220;no&#8220;][vc_column_text css=&#8220;.vc_custom_1530534450899{margin-right: 2rem !important;}&#8220;]<\/p>\n<p style=\"font-size: 20px; line-height: 34px; text-align: left; ; padding-bottom: 15px;\">Wir beraten bei der Auswahl der Liereranten der Normalien f\u00fcr den Formenbau, der Lieferanten der Heisskanalkomponenten, des Materials und der Dienstleistungen wie H\u00e4rten, lokales Laserh\u00e4rten, Nitrieren, Chromieren, besondere PVD Beschichtungen usw.<\/p>\n<p style=\"font-size: 20px; line-height: 34px; text-align: left; padding-bottom: 15px;\">Wir schlagen die meist angemessene technologische Bearbeitung der Werkzeugteile vor und organisieren nach Bedarf die Kooperation der bestimmten technologischen Operationen.<\/p>\n<p style=\"font-size: 20px; line-height: 34px; text-align: left; ; padding-bottom: 15px;\">Mit den Kooperanten bieten wir ausf\u00fcrliche Moldflow Analysen an, die in der Konzeptphase der anspruchsvollen Projekte n\u00f6tig sind. Durch Kooperation bieten wir auch DLMS \u2013 das Lasersintrieren der konformgek\u00fchlten Werkzeugteile an.<\/p>\n<p style=\"font-size: 20px; line-height: 34px; text-align: left; ; padding-bottom: 15px;\">Wir beraten bei den technologischen Einstellungen der Plastikspritzgiessmaschine.<\/p>\n<p style=\"font-size: 20px; line-height: 34px; text-align: left; ; padding-bottom: 15px;\">Wir optimieren Parameter zum Erreichen einer besseren Qualit\u00e4t und k\u00fcrzer Zykluszeit des Spritzens. Wir helfen beim Erreichen einer besseren Produktivit\u00e4t.<br \/>\nWir haben Erfahrungen in der Technologie und Einstellung der Plastikspritzgiessmaschinen Krauss Maffei.<\/p>\n<p>[\/vc_column_text][\/qode_elements_holder_item][qode_elements_holder_item vertical_alignment=&#8220;middle&#8220; advanced_animations=&#8220;no&#8220;][vc_single_image image=&#8220;719&#8243; img_size=&#8220;full&#8220; qode_css_animation=&#8220;&#8220;][\/qode_elements_holder_item][\/qode_elements_holder][\/vc_column][\/vc_row][vc_row css_animation=&#8220;&#8220; row_type=&#8220;row&#8220; use_row_as_full_screen_section=&#8220;no&#8220; type=&#8220;full_width&#8220; angled_section=&#8220;yes&#8220; angled_section_position=&#8220;bottom&#8220; angled_section_direction=&#8220;from_right_to_left&#8220; text_align=&#8220;left&#8220; background_image_as_pattern=&#8220;without_pattern&#8220; z_index=&#8220;&#8220; css=&#8220;.vc_custom_1529309970370{padding-top: 75px !important;}&#8220;][vc_column][\/vc_column][\/vc_row]<\/p>\n","protected":false},"excerpt":{"rendered":"<p>[vc_row css_animation=&#8220;&#8220; row_type=&#8220;row&#8220; use_row_as_full_screen_section=&#8220;no&#8220; type=&#8220;grid&#8220; angled_section=&#8220;no&#8220; text_align=&#8220;left&#8220; background_image_as_pattern=&#8220;without_pattern&#8220; css=&#8220;.vc_custom_1529309901485{margin-top: 75px !important;}&#8220; z_index=&#8220;&#8220;][vc_column][qode_elements_holder number_of_columns=&#8220;two_columns&#8220;][qode_elements_holder_item item_padding=&#8220;10px 0px 50px 0px&#8220; vertical_alignment=&#8220;middle&#8220; advanced_animations=&#8220;no&#8220;][vc_column_text css=&#8220;.vc_custom_1530534450899{margin-right: 2rem !important;}&#8220;] Wir beraten bei der Auswahl der Liereranten der Normalien f\u00fcr den Formenbau, der Lieferanten der Heisskanalkomponenten, des Materials und der Dienstleistungen wie H\u00e4rten,&#8230;<\/p>\n","protected":false},"author":1,"featured_media":0,"parent":0,"menu_order":0,"comment_status":"closed","ping_status":"closed","template":"full_width.php","meta":[],"_links":{"self":[{"href":"https:\/\/www.cad-dizajn.hr\/de\/wp-json\/wp\/v2\/pages\/1488"}],"collection":[{"href":"https:\/\/www.cad-dizajn.hr\/de\/wp-json\/wp\/v2\/pages"}],"about":[{"href":"https:\/\/www.cad-dizajn.hr\/de\/wp-json\/wp\/v2\/types\/page"}],"author":[{"embeddable":true,"href":"https:\/\/www.cad-dizajn.hr\/de\/wp-json\/wp\/v2\/users\/1"}],"replies":[{"embeddable":true,"href":"https:\/\/www.cad-dizajn.hr\/de\/wp-json\/wp\/v2\/comments?post=1488"}],"version-history":[{"count":1,"href":"https:\/\/www.cad-dizajn.hr\/de\/wp-json\/wp\/v2\/pages\/1488\/revisions"}],"predecessor-version":[{"id":1490,"href":"https:\/\/www.cad-dizajn.hr\/de\/wp-json\/wp\/v2\/pages\/1488\/revisions\/1490"}],"wp:attachment":[{"href":"https:\/\/www.cad-dizajn.hr\/de\/wp-json\/wp\/v2\/media?parent=1488"}],"curies":[{"name":"wp","href":"https:\/\/api.w.org\/{rel}","templated":true}]}}