{"id":1485,"date":"2018-06-07T12:22:25","date_gmt":"2018-06-07T12:22:25","guid":{"rendered":"https:\/\/www.cad-dizajn.hr\/kalkulacije-in-izdelava-ponudb-za-orodja-za-brizganje-plastike\/"},"modified":"2019-07-22T07:19:35","modified_gmt":"2019-07-22T07:19:35","slug":"die-kalkulationen-und-die-herstellung-der-angebote-fuer-plastikspritzgusswerkzeuge","status":"publish","type":"page","link":"https:\/\/www.cad-dizajn.hr\/de\/die-kalkulationen-und-die-herstellung-der-angebote-fuer-plastikspritzgusswerkzeuge\/","title":{"rendered":"Die Kalkulationen und die Herstellung der Angebote f\u00fcr Plastikspritzgusswerkzeuge"},"content":{"rendered":"<p>[vc_row css_animation=&#8220;&#8220; row_type=&#8220;row&#8220; use_row_as_full_screen_section=&#8220;no&#8220; type=&#8220;grid&#8220; angled_section=&#8220;no&#8220; text_align=&#8220;left&#8220; background_image_as_pattern=&#8220;without_pattern&#8220; css=&#8220;.vc_custom_1529309681701{margin-top: 75px !important;}&#8220; z_index=&#8220;&#8220;][vc_column][qode_elements_holder number_of_columns=&#8220;two_columns&#8220;][qode_elements_holder_item item_padding=&#8220;0px 35px 50px 0px&#8220; vertical_alignment=&#8220;middle&#8220; advanced_animations=&#8220;no&#8220;][vc_single_image image=&#8220;1717&#8243; img_size=&#8220;full&#8220; alignment=&#8220;center&#8220; onclick=&#8220;link_image&#8220; qode_css_animation=&#8220;&#8220;][\/qode_elements_holder_item][qode_elements_holder_item vertical_alignment=&#8220;top&#8220; advanced_animations=&#8220;no&#8220;][vc_column_text css=&#8220;.vc_custom_1530534300921{margin-bottom: 15px !important;}&#8220;]<\/p>\n<p style=\"font-size: 20px; line-height: 34px; text-align: left;\">Wir sind die Einzigen auf dem Markt, die die Beratung auf dem Gebiet der Herstellung der Kalkulationen und die Herstellung der Kalkulationen der Werkzeuge f\u00fcr die Verarbeitung von Thermoplasten anbieten.<\/p>\n<p>[\/vc_column_text][vc_column_text]<\/p>\n<p style=\"font-size: 20px; line-height: 34px; text-align: left;\">Auf dem Gebiet der Herstellung der Konzepte und Kalkulationen haben wir Erfahrungen mit mehr als 500 Werkzeugen. Wir verf\u00fcgen \u00fcber eine eigene Datenbasis und Programme f\u00fcr die Erstellung der Kalkulationen.<\/p>\n<p>[\/vc_column_text][\/qode_elements_holder_item][\/qode_elements_holder][\/vc_column][\/vc_row][vc_row css_animation=&#8220;&#8220; row_type=&#8220;row&#8220; use_row_as_full_screen_section=&#8220;no&#8220; type=&#8220;full_width&#8220; angled_section=&#8220;yes&#8220; angled_section_position=&#8220;bottom&#8220; angled_section_direction=&#8220;from_right_to_left&#8220; text_align=&#8220;left&#8220; background_image_as_pattern=&#8220;without_pattern&#8220; z_index=&#8220;&#8220; css=&#8220;.vc_custom_1529411589654{padding-top: 75px !important;}&#8220;][vc_column][\/vc_column][\/vc_row]<\/p>\n","protected":false},"excerpt":{"rendered":"<p>[vc_row css_animation=&#8220;&#8220; row_type=&#8220;row&#8220; use_row_as_full_screen_section=&#8220;no&#8220; type=&#8220;grid&#8220; angled_section=&#8220;no&#8220; text_align=&#8220;left&#8220; background_image_as_pattern=&#8220;without_pattern&#8220; css=&#8220;.vc_custom_1529309681701{margin-top: 75px !important;}&#8220; z_index=&#8220;&#8220;][vc_column][qode_elements_holder number_of_columns=&#8220;two_columns&#8220;][qode_elements_holder_item item_padding=&#8220;0px 35px 50px 0px&#8220; vertical_alignment=&#8220;middle&#8220; advanced_animations=&#8220;no&#8220;][vc_single_image image=&#8220;1717&#8243; img_size=&#8220;full&#8220; alignment=&#8220;center&#8220; onclick=&#8220;link_image&#8220; qode_css_animation=&#8220;&#8220;][\/qode_elements_holder_item][qode_elements_holder_item vertical_alignment=&#8220;top&#8220; advanced_animations=&#8220;no&#8220;][vc_column_text css=&#8220;.vc_custom_1530534300921{margin-bottom: 15px !important;}&#8220;] Wir sind die Einzigen auf dem Markt, die die Beratung auf dem Gebiet der Herstellung der&#8230;<\/p>\n","protected":false},"author":1,"featured_media":0,"parent":0,"menu_order":0,"comment_status":"closed","ping_status":"closed","template":"full_width.php","meta":[],"_links":{"self":[{"href":"https:\/\/www.cad-dizajn.hr\/de\/wp-json\/wp\/v2\/pages\/1485"}],"collection":[{"href":"https:\/\/www.cad-dizajn.hr\/de\/wp-json\/wp\/v2\/pages"}],"about":[{"href":"https:\/\/www.cad-dizajn.hr\/de\/wp-json\/wp\/v2\/types\/page"}],"author":[{"embeddable":true,"href":"https:\/\/www.cad-dizajn.hr\/de\/wp-json\/wp\/v2\/users\/1"}],"replies":[{"embeddable":true,"href":"https:\/\/www.cad-dizajn.hr\/de\/wp-json\/wp\/v2\/comments?post=1485"}],"version-history":[{"count":4,"href":"https:\/\/www.cad-dizajn.hr\/de\/wp-json\/wp\/v2\/pages\/1485\/revisions"}],"predecessor-version":[{"id":1721,"href":"https:\/\/www.cad-dizajn.hr\/de\/wp-json\/wp\/v2\/pages\/1485\/revisions\/1721"}],"wp:attachment":[{"href":"https:\/\/www.cad-dizajn.hr\/de\/wp-json\/wp\/v2\/media?parent=1485"}],"curies":[{"name":"wp","href":"https:\/\/api.w.org\/{rel}","templated":true}]}}