{"id":1482,"date":"2018-06-07T12:22:02","date_gmt":"2018-06-07T12:22:02","guid":{"rendered":"https:\/\/www.cad-dizajn.hr\/podpora-v-procesu-nacrtovanja-orodja-za-brizganje\/"},"modified":"2019-07-10T11:05:31","modified_gmt":"2019-07-10T11:05:31","slug":"die-unterstuetzung-im-prozess-der-planung-der-plastikspritzgusswerkzeuge","status":"publish","type":"page","link":"https:\/\/www.cad-dizajn.hr\/de\/die-unterstuetzung-im-prozess-der-planung-der-plastikspritzgusswerkzeuge\/","title":{"rendered":"Die Unterst\u00fctzung im Prozess der Planung der Plastikspritzgusswerkzeuge"},"content":{"rendered":"<p>[vc_row css_animation=&#8220;element_from_fade&#8220; row_type=&#8220;row&#8220; use_row_as_full_screen_section=&#8220;no&#8220; type=&#8220;grid&#8220; angled_section=&#8220;no&#8220; text_align=&#8220;left&#8220; background_image_as_pattern=&#8220;without_pattern&#8220; z_index=&#8220;&#8220;][vc_column css=&#8220;.vc_custom_1529309642269{margin-top: 75px !important;}&#8220;][vc_column_text css=&#8220;.vc_custom_1530534075878{margin-bottom: 55px !important;}&#8220;]<\/p>\n<h3 style=\"text-align: left;\">Neben der Konstruktion bieten wir auch die Unterst\u00fctzung im Prozess der Planung und der Herstellung des Werkzeuges an:<\/h3>\n<p>[\/vc_column_text][\/vc_column][vc_column css_animation=&#8220;fadeIn&#8220; width=&#8220;1\/2&#8243; css=&#8220;.vc_custom_1529305118796{margin-top: 30px !important;}&#8220;][vc_column_text]<\/p>\n<ul>\n<li>Die anfertigung des konzeptes, der dmf analyse, der moldflow simulation,<\/li>\n<li>Die thermographie, analysen und vorschl\u00e4ge zur verbesserung des herrschenden zustandes des werkzeuges,<\/li>\n<li>Das konstruiren der elektroden und die herstellung der erodierdokumentation,<\/li>\n<li>Die herstellung des ger\u00e4tes f\u00fcr erosion, drahterosion, drehen und fr\u00e4sen,<\/li>\n<li>Die anfertigung der kompletten 2d technischen dokumentation,<\/li>\n<li>Die anfertigung der genauen st\u00fccklisten mit der liste der lieferanten,<\/li>\n<li>Die t\u00f6nung der toleranzen und behandlungen auf dem 3d modell als alternative zu den 2d zeichnungen,<\/li>\n<li>\u2022 Die anfertigung der handb\u00fccher zur wartung von werkzeugen, der technischen vorschriften f\u00fcr werkzeuge,<br \/>\nU. \u00c4.<\/li>\n<\/ul>\n<p>[\/vc_column_text][\/vc_column][vc_column css_animation=&#8220;fadeIn&#8220; width=&#8220;1\/2&#8243; css=&#8220;.vc_custom_1529478710012{margin-top: -55px !important;}&#8220;][vc_single_image image=&#8220;1628&#8243; img_size=&#8220;full&#8220; qode_css_animation=&#8220;&#8220;][\/vc_column][vc_column css_animation=&#8220;fadeIn&#8220; css=&#8220;.vc_custom_1529305068727{margin-top: -35px !important;margin-bottom: 75px !important;}&#8220;][vc_column_text css=&#8220;.vc_custom_1530534155570{margin-top: 75px !important;}&#8220;]Auf Wunsch des Bestellers werden wir Teil seines Teams, wo wir vor dem Endkunden des Werkzeuges das komplette Projekt der Werkzeugherstellung f\u00fchren. Mit unseren Erfahrungen beraten wir die Firmen beim Heben ihrer Konstruktion und Entwicklung auf das h\u00f6here technologische Niveau.[\/vc_column_text][\/vc_column][\/vc_row][vc_row css_animation=&#8220;&#8220; row_type=&#8220;row&#8220; use_row_as_full_screen_section=&#8220;no&#8220; type=&#8220;full_width&#8220; angled_section=&#8220;yes&#8220; angled_section_position=&#8220;bottom&#8220; angled_section_direction=&#8220;from_right_to_left&#8220; text_align=&#8220;left&#8220; background_image_as_pattern=&#8220;without_pattern&#8220; z_index=&#8220;&#8220;][vc_column][\/vc_column][\/vc_row]<\/p>\n","protected":false},"excerpt":{"rendered":"<p>[vc_row css_animation=&#8220;element_from_fade&#8220; row_type=&#8220;row&#8220; use_row_as_full_screen_section=&#8220;no&#8220; type=&#8220;grid&#8220; angled_section=&#8220;no&#8220; text_align=&#8220;left&#8220; background_image_as_pattern=&#8220;without_pattern&#8220; z_index=&#8220;&#8220;][vc_column css=&#8220;.vc_custom_1529309642269{margin-top: 75px !important;}&#8220;][vc_column_text css=&#8220;.vc_custom_1530534075878{margin-bottom: 55px !important;}&#8220;] Neben der Konstruktion bieten wir auch die Unterst\u00fctzung im Prozess der Planung und der Herstellung des Werkzeuges an: [\/vc_column_text][\/vc_column][vc_column css_animation=&#8220;fadeIn&#8220; width=&#8220;1\/2&#8243; css=&#8220;.vc_custom_1529305118796{margin-top: 30px !important;}&#8220;][vc_column_text] Die anfertigung des konzeptes, der dmf&#8230;<\/p>\n","protected":false},"author":1,"featured_media":0,"parent":0,"menu_order":0,"comment_status":"closed","ping_status":"closed","template":"full_width.php","meta":[],"_links":{"self":[{"href":"https:\/\/www.cad-dizajn.hr\/de\/wp-json\/wp\/v2\/pages\/1482"}],"collection":[{"href":"https:\/\/www.cad-dizajn.hr\/de\/wp-json\/wp\/v2\/pages"}],"about":[{"href":"https:\/\/www.cad-dizajn.hr\/de\/wp-json\/wp\/v2\/types\/page"}],"author":[{"embeddable":true,"href":"https:\/\/www.cad-dizajn.hr\/de\/wp-json\/wp\/v2\/users\/1"}],"replies":[{"embeddable":true,"href":"https:\/\/www.cad-dizajn.hr\/de\/wp-json\/wp\/v2\/comments?post=1482"}],"version-history":[{"count":3,"href":"https:\/\/www.cad-dizajn.hr\/de\/wp-json\/wp\/v2\/pages\/1482\/revisions"}],"predecessor-version":[{"id":1633,"href":"https:\/\/www.cad-dizajn.hr\/de\/wp-json\/wp\/v2\/pages\/1482\/revisions\/1633"}],"wp:attachment":[{"href":"https:\/\/www.cad-dizajn.hr\/de\/wp-json\/wp\/v2\/media?parent=1482"}],"curies":[{"name":"wp","href":"https:\/\/api.w.org\/{rel}","templated":true}]}}