{"id":1474,"date":"2018-06-07T12:21:36","date_gmt":"2018-06-07T12:21:36","guid":{"rendered":"https:\/\/www.cad-dizajn.hr\/konstruiranje-orodij-za-brizganje-plastike\/"},"modified":"2018-07-02T12:15:32","modified_gmt":"2018-07-02T12:15:32","slug":"das-konstruiren-der-plastikspritzgusswerkzeuge","status":"publish","type":"page","link":"https:\/\/www.cad-dizajn.hr\/de\/das-konstruiren-der-plastikspritzgusswerkzeuge\/","title":{"rendered":"Das Konstruiren der Plastikspritzgusswerkzeuge"},"content":{"rendered":"<p>[vc_row css_animation=&#8220;&#8220; row_type=&#8220;row&#8220; use_row_as_full_screen_section=&#8220;no&#8220; type=&#8220;grid&#8220; angled_section=&#8220;no&#8220; text_align=&#8220;left&#8220; background_image_as_pattern=&#8220;without_pattern&#8220; z_index=&#8220;&#8220; css=&#8220;.vc_custom_1529309560943{margin-top: 75px !important;}&#8220;][vc_column el_class=&#8220;title-margin&#8220;][vc_column_text css=&#8220;.vc_custom_1530533560875{margin-bottom: 120px !important;}&#8220;]<\/p>\n<h3 style=\"text-align: left;\">Die Herstellung der Konstruktionen stellt den Kern unseres Angebots dar.<\/h3>\n<p>[\/vc_column_text][\/vc_column][\/vc_row][vc_row css_animation=&#8220;&#8220; row_type=&#8220;row&#8220; use_row_as_full_screen_section=&#8220;no&#8220; type=&#8220;grid&#8220; angled_section=&#8220;no&#8220; text_align=&#8220;left&#8220; background_image_as_pattern=&#8220;without_pattern&#8220; z_index=&#8220;&#8220;][vc_column][qode_elements_holder number_of_columns=&#8220;two_columns&#8220;][qode_elements_holder_item vertical_alignment=&#8220;middle&#8220; horizontal_alignment=&#8220;left&#8220; advanced_animations=&#8220;no&#8220;][vc_column_text css=&#8220;.vc_custom_1530533577211{margin-bottom: 15px !important;}&#8220;]<\/p>\n<p style=\"font-size: 20px; line-height: 34px; text-align: left;\">Das qualit\u00e4te Werkzeug f\u00fcr Plastiksprizten ist die Grundbedingung f\u00fcr die stabile Produktion und das qualit\u00e4te Plastikprodukt.<\/p>\n<p>[\/vc_column_text][vc_column_text css=&#8220;.vc_custom_1530533601632{margin-bottom: 15px !important;}&#8220;]<\/p>\n<p style=\"font-size: 20px; line-height: 34px; text-align: left;\">Mit Erfahrungen bei dem Konstruiren und den technologischen Verbesserungen kann das Werkzeug bzw. die Giessform zum Plastikspritzen die Herstellungskosten des Produktes vermindern.<\/p>\n<p>[\/vc_column_text][vc_column_text css=&#8220;.vc_custom_1530533617286{margin-bottom: 15px !important;}&#8220;]<\/p>\n<p style=\"font-size: 20px; line-height: 34px; text-align: left;\">Fortschrittliche L\u00f6sungen auf dem Gebiet der Temperierung und der Abk\u00fchlung vermindern die Zykluszeit des Spritzens.<br \/>\nDie zuverl\u00e4ssige Konstruktion und der Entwurf der Werkzeuge gew\u00e4hrleisten die lange Lebensdauer.<\/p>\n<p>[\/vc_column_text][vc_column_text css=&#8220;.vc_custom_1530533637061{margin-bottom: 15px !important;}&#8220;]<\/p>\n<p style=\"font-size: 20px; line-height: 34px; text-align: left;\">Bei der Anfertigung des Konzepts konzentrieren wir uns auf die richtige Auswahl der Angussstelle und des Systems des Auswerfens des Produktes.<\/p>\n<p>[\/vc_column_text][vc_column_text css=&#8220;.vc_custom_1530533650353{margin-bottom: 15px !important;}&#8220;]<\/p>\n<p style=\"font-size: 20px; line-height: 34px; text-align: left;\">Wir produzieren die Konstruktionen der Werkzeuge f\u00fcr die Autoindustrie, die Industrie der Haushaltsger\u00e4te, technische Ger\u00e4te, die Verpackungsindustrie und anderes.<\/p>\n<p>[\/vc_column_text][\/qode_elements_holder_item][qode_elements_holder_item vertical_alignment=&#8220;middle&#8220; advanced_animations=&#8220;no&#8220;][vc_single_image image=&#8220;661&#8243; img_size=&#8220;full&#8220; qode_css_animation=&#8220;&#8220;][\/qode_elements_holder_item][\/qode_elements_holder][\/vc_column][\/vc_row][vc_row css_animation=&#8220;&#8220; row_type=&#8220;row&#8220; use_row_as_full_screen_section=&#8220;no&#8220; type=&#8220;grid&#8220; angled_section=&#8220;no&#8220; text_align=&#8220;left&#8220; background_image_as_pattern=&#8220;without_pattern&#8220; css=&#8220;.vc_custom_1529394330230{margin-top: 80px !important;margin-bottom: 80px !important;}&#8220; z_index=&#8220;&#8220;][vc_column][qode_elements_holder number_of_columns=&#8220;two_columns&#8220;][qode_elements_holder_item vertical_alignment=&#8220;middle&#8220; horizontal_alignment=&#8220;left&#8220; advanced_animations=&#8220;no&#8220;][vc_single_image image=&#8220;1097&#8243; img_size=&#8220;full&#8220; qode_css_animation=&#8220;&#8220;][\/qode_elements_holder_item][qode_elements_holder_item vertical_alignment=&#8220;middle&#8220; horizontal_alignment=&#8220;left&#8220; advanced_animations=&#8220;no&#8220;][vc_column_text css=&#8220;.vc_custom_1530533717601{margin-bottom: 15px !important;}&#8220;]<\/p>\n<p style=\"font-size: 20px; line-height: 34px; text-align: left;\">Viel Aufmerksamkeit schenken wir den technologischen Topl\u00f6sungen in der Phase der Werkzeugplanung.<\/p>\n<p>[\/vc_column_text][vc_column_text css=&#8220;.vc_custom_1530533706475{margin-bottom: 15px !important;}&#8220;]<\/p>\n<p style=\"font-size: 20px; line-height: 34px; text-align: left;\">Wir verfolgen die letzten Richtlinien bei der Herstellung der Werkzeuge und implementieren sie in unsere Konstruktionen.<\/p>\n<p>[\/vc_column_text][vc_column_text]<\/p>\n<p style=\"font-size: 20px; line-height: 34px; text-align: left;\">Bei hochproduktiven Werkzeugen empfehlen wir den Gebrauch von Topmaterialien wie HTCS 130 DC, Ampcoloy und andere.<\/p>\n<p>[\/vc_column_text][\/qode_elements_holder_item][\/qode_elements_holder][\/vc_column][\/vc_row][vc_row css_animation=&#8220;&#8220; row_type=&#8220;row&#8220; use_row_as_full_screen_section=&#8220;no&#8220; type=&#8220;grid&#8220; angled_section=&#8220;no&#8220; text_align=&#8220;left&#8220; background_image_as_pattern=&#8220;without_pattern&#8220; padding_bottom=&#8220;120&#8243; z_index=&#8220;&#8220;][vc_column][qode_elements_holder number_of_columns=&#8220;two_columns&#8220; alignment_one_column=&#8220;left&#8220;][qode_elements_holder_item vertical_alignment=&#8220;middle&#8220; advanced_animations=&#8220;no&#8220; item_padding_1280_1440=&#8220;0px 50px 0px 0px&#8220; item_padding_768_1024=&#8220;0px 0px 0px 0px&#8220;][vc_column_text css=&#8220;.vc_custom_1530533680529{margin-bottom: 15px !important;}&#8220;]<\/p>\n<p style=\"font-size: 20px; line-height: 34px; text-align: left;\">Wir haben Erfahrungen mit den Konstruktionen, die komplexe Mechanismen enthalten, wie Schieber, Schr\u00e4gauswerfer, Hydraulikantriebe, Ausdrehvorrichtungen, pneumatisches Entformen, 3-Platten Systeme, Hinterschnittauswerfen, Zweistufenauswerfen, Heisskanalsysteme mit Nadelverschlussdr\u00fcssen u. \u00c4.<\/p>\n<p>[\/vc_column_text][vc_column_text css=&#8220;.vc_custom_1530533669668{margin-right: 3rem !important;}&#8220;]<\/p>\n<p style=\"font-size: 20px; line-height: 34px; text-align: left;\">Wir haben Erfahrungen auch mit den Zweikomponentenwerkzeugen und Werkzeugen f\u00fcr IML (IMD \u2013 in mold decoration)..<\/p>\n<p>[\/vc_column_text][\/qode_elements_holder_item][qode_elements_holder_item item_padding=&#8220;0px 20px 0px 0px&#8220; vertical_alignment=&#8220;middle&#8220; advanced_animations=&#8220;no&#8220;][vc_single_image image=&#8220;755&#8243; img_size=&#8220;full&#8220; qode_css_animation=&#8220;&#8220; css=&#8220;.vc_custom_1529394351722{padding-right: 25px !important;}&#8220;][\/qode_elements_holder_item][\/qode_elements_holder][\/vc_column][\/vc_row][vc_row css_animation=&#8220;&#8220; row_type=&#8220;row&#8220; use_row_as_full_screen_section=&#8220;no&#8220; type=&#8220;full_width&#8220; angled_section=&#8220;yes&#8220; angled_section_position=&#8220;bottom&#8220; angled_section_direction=&#8220;from_right_to_left&#8220; text_align=&#8220;left&#8220; background_image_as_pattern=&#8220;without_pattern&#8220; z_index=&#8220;&#8220; css=&#8220;.vc_custom_1529394578685{padding-top: 40px !important;}&#8220;][vc_column][\/vc_column][\/vc_row]<\/p>\n","protected":false},"excerpt":{"rendered":"<p>[vc_row css_animation=&#8220;&#8220; row_type=&#8220;row&#8220; use_row_as_full_screen_section=&#8220;no&#8220; type=&#8220;grid&#8220; angled_section=&#8220;no&#8220; text_align=&#8220;left&#8220; background_image_as_pattern=&#8220;without_pattern&#8220; z_index=&#8220;&#8220; css=&#8220;.vc_custom_1529309560943{margin-top: 75px !important;}&#8220;][vc_column el_class=&#8220;title-margin&#8220;][vc_column_text css=&#8220;.vc_custom_1530533560875{margin-bottom: 120px !important;}&#8220;] Die Herstellung der Konstruktionen stellt den Kern unseres Angebots dar. [\/vc_column_text][\/vc_column][\/vc_row][vc_row css_animation=&#8220;&#8220; row_type=&#8220;row&#8220; use_row_as_full_screen_section=&#8220;no&#8220; type=&#8220;grid&#8220; angled_section=&#8220;no&#8220; text_align=&#8220;left&#8220; background_image_as_pattern=&#8220;without_pattern&#8220; z_index=&#8220;&#8220;][vc_column][qode_elements_holder number_of_columns=&#8220;two_columns&#8220;][qode_elements_holder_item vertical_alignment=&#8220;middle&#8220; horizontal_alignment=&#8220;left&#8220; advanced_animations=&#8220;no&#8220;][vc_column_text css=&#8220;.vc_custom_1530533577211{margin-bottom: 15px !important;}&#8220;] Das qualit\u00e4te Werkzeug&#8230;<\/p>\n","protected":false},"author":1,"featured_media":0,"parent":0,"menu_order":0,"comment_status":"closed","ping_status":"closed","template":"full_width.php","meta":[],"_links":{"self":[{"href":"https:\/\/www.cad-dizajn.hr\/de\/wp-json\/wp\/v2\/pages\/1474"}],"collection":[{"href":"https:\/\/www.cad-dizajn.hr\/de\/wp-json\/wp\/v2\/pages"}],"about":[{"href":"https:\/\/www.cad-dizajn.hr\/de\/wp-json\/wp\/v2\/types\/page"}],"author":[{"embeddable":true,"href":"https:\/\/www.cad-dizajn.hr\/de\/wp-json\/wp\/v2\/users\/1"}],"replies":[{"embeddable":true,"href":"https:\/\/www.cad-dizajn.hr\/de\/wp-json\/wp\/v2\/comments?post=1474"}],"version-history":[{"count":2,"href":"https:\/\/www.cad-dizajn.hr\/de\/wp-json\/wp\/v2\/pages\/1474\/revisions"}],"predecessor-version":[{"id":1477,"href":"https:\/\/www.cad-dizajn.hr\/de\/wp-json\/wp\/v2\/pages\/1474\/revisions\/1477"}],"wp:attachment":[{"href":"https:\/\/www.cad-dizajn.hr\/de\/wp-json\/wp\/v2\/media?parent=1474"}],"curies":[{"name":"wp","href":"https:\/\/api.w.org\/{rel}","templated":true}]}}