{"id":1448,"date":"2018-06-07T12:32:56","date_gmt":"2018-06-07T12:32:56","guid":{"rendered":"https:\/\/www.cad-dizajn.hr\/naslovnica\/"},"modified":"2019-07-23T12:53:11","modified_gmt":"2019-07-23T12:53:11","slug":"naslovnica","status":"publish","type":"page","link":"https:\/\/www.cad-dizajn.hr\/de\/","title":{"rendered":"Za\u010detna"},"content":{"rendered":"<p>[vc_row css_animation=&#8220;&#8220; row_type=&#8220;row&#8220; use_row_as_full_screen_section=&#8220;no&#8220; type=&#8220;full_width&#8220; angled_section=&#8220;no&#8220; text_align=&#8220;left&#8220; background_image_as_pattern=&#8220;without_pattern&#8220; z_index=&#8220;1&#8243;][vc_column][rev_slider_vc alias=&#8220;home-slider-de&#8220;][\/vc_column][\/vc_row][vc_row css_animation=&#8220;element_from_fade&#8220; row_type=&#8220;row&#8220; use_row_as_full_screen_section=&#8220;no&#8220; type=&#8220;grid&#8220; angled_section=&#8220;no&#8220; text_align=&#8220;left&#8220; background_image_as_pattern=&#8220;without_pattern&#8220; css=&#8220;.vc_custom_1528891293032{padding-top: 75px !important;padding-bottom: 75px !important;background-color: #ffffff !important;}&#8220; z_index=&#8220;&#8220;][vc_column parallax=&#8220;content-moving&#8220;]<div class=\"qode-animation-holder element_from_top\"><div class=\"qode-animation-holder-inner\"  style=\"-webkit-animation-delay:s; animation-delay:s; -webkit-transition-delay:s; transition-delay:s\">[vc_column_text]<\/p>\n<h2 style=\"text-align: center;\">\u00dcber CAD Dizajn<\/h2>\n<p>[\/vc_column_text]<\/div><\/div><div class=\"qode-animation-holder element_from_top\"><div class=\"qode-animation-holder-inner\"  style=\"-webkit-animation-delay:s; animation-delay:s; -webkit-transition-delay:s; transition-delay:s\">[vc_column_text css=&#8220;.vc_custom_1562743231101{margin-top: 35px !important;margin-bottom: 75px !important;}&#8220;]<\/p>\n<p class=\"vc_custom_heading vc_custom_1523513727068\" style=\"font-size: 18px; color: #030712; line-height: 28px; text-align: center;\">Die Firma CAD Dizajn besteht aus den Sachverst\u00e4ndigen auf dem Gebiet der Konstruktion und der Herstellung der Werkzeuge zur Verarbeitung von Thermoplasten. Mehr als 8-j\u00e4hrige Erfahrungen sind Zusicherung f\u00fcr gemeinsamen Erfolg. Bei unserer Arbeit wenden wir das Programmpaket Solidworks an, wir haben aber auch Erfahrungen mit der Anwendung des Pakets Catia. Unsere Konstruktionen sind dem technologischen Park des Bestellers angepasst. Die Teamarbeit der Sachverst\u00e4ndigen ist die Garantie, dass der ausgemachte Terminplan und die Frist der Herstellung der Konstruktion eingehalten werden.<\/p>\n<p>[\/vc_column_text]<\/div><\/div>[vc_column_text]<\/p>\n<h3 style=\"text-align: center;\">\u00dcber die Unternehmensgr\u00fcnder<\/h3>\n<p>[\/vc_column_text][vc_row_inner row_type=&#8220;row&#8220; type=&#8220;full_width&#8220; text_align=&#8220;left&#8220; css_animation=&#8220;&#8220; css=&#8220;.vc_custom_1538727926637{margin-top: 50px !important;}&#8220;][vc_column_inner width=&#8220;1\/4&#8243; offset=&#8220;vc_hidden-sm vc_hidden-xs&#8220;][\/vc_column_inner][vc_column_inner width=&#8220;1\/2&#8243;]<div class=\"qode-animation-holder element_from_top\"><div class=\"qode-animation-holder-inner\"  style=\"-webkit-animation-delay:s; animation-delay:s; -webkit-transition-delay:s; transition-delay:s\">[vc_column_text]<img loading=\"lazy\" class=\"aligncenter size-medium wp-image-1596\" src=\"https:\/\/www.cad-dizajn.hr\/wp-content\/uploads\/2019\/07\/slika-Krunoslav-Dubi\u0107.jpg\" alt=\"\" width=\"400\" height=\"484\" \/>[\/vc_column_text][vc_column_text css=&#8220;.vc_custom_1562743260834{margin-top: 10px !important;}&#8220;]<\/p>\n<h4 style=\"text-align: center;\"><strong><span style=\"font-size: 19px; color: #1287c3; line-height: 40px;\">Krunoslav Dubi\u0107, mag.ing.mech.<\/span><\/strong><\/h4>\n<p>[\/vc_column_text][vc_column_text]<\/p>\n<p style=\"text-align: center;\"><span style=\"font-size: medium;\">In die Firma tr\u00e4gt er seine Erfahrungen aus den Produktionstechnologien und den CAM Kenntnissen. Vor der Herstellung der Konstruktionen untersucht er den technologischen Park des Bestellers und passt die Konstruktionen seinem Spezifikum an.<\/span><\/p>\n<p>[\/vc_column_text]<\/div><\/div>[\/vc_column_inner][vc_column_inner width=&#8220;1\/4&#8243; offset=&#8220;vc_hidden-sm vc_hidden-xs&#8220;][\/vc_column_inner][\/vc_row_inner][\/vc_column][\/vc_row][vc_row css_animation=&#8220;&#8220; row_type=&#8220;row&#8220; use_row_as_full_screen_section=&#8220;no&#8220; type=&#8220;grid&#8220; angled_section=&#8220;yes&#8220; angled_section_position=&#8220;both&#8220; angled_section_direction=&#8220;from_right_to_left&#8220; text_align=&#8220;left&#8220; background_image_as_pattern=&#8220;without_pattern&#8220; background_color=&#8220;#0070c1&#8243; padding_top=&#8220;120&#8243; padding_bottom=&#8220;120&#8243; z_index=&#8220;&#8220; css=&#8220;.vc_custom_1529299815514{margin-top: 120px !important;}&#8220;][vc_column css_animation=&#8220;none&#8220;][vc_raw_html]JTNDc3BhbiUyMGRhdGEtdHlwZSUzRCUyMm5vcm1hbCUyMiUyMGNsYXNzJTNEJTIycW9kZV9pY29uX3Nob3J0Y29kZSUyMCUyMHFfZm9udF9hd3NvbWVfaWNvbiUyMGZhLWxnJTIwJTIwJTIyJTIwc3R5bGUlM0QlMjJhbmltYXRpb24lM0ElMjBzcGluJTIwMThzJTIwbGluZWFyJTIwaW5maW5pdGUlM0Jwb3NpdGlvbiUzQSUyMGFic29sdXRlJTNCbGVmdCUzQSUyMC0zOHB4JTNCdG9wJTNBJTIwMiUyNSUzQiUyMiUzRSUzQ2klMjBjbGFzcyUzRCUyMnFvZGVmLWljb24tbGluZWEtaWNvbiUyMGljb24tYmFzaWMtZ2VhciUyMHFvZGVfaWNvbl9lbGVtZW50JTIyJTIwc3R5bGUlM0QlMjJjb2xvciUzQXJnYmElMjgyNTUlMkMlMjAyNTUlMkMlMjAyNTUlMkMlMjAwLjEyJTI5JTNCZm9udC1zaXplJTNBJTIwMjE0cHglM0IlMjIlM0UlM0MlMkZpJTNFJTNDJTJGc3BhbiUzRQ==[\/vc_raw_html][qode_elements_holder number_of_columns=&#8220;two_columns&#8220;][qode_elements_holder_item vertical_alignment=&#8220;middle&#8220; advanced_animations=&#8220;no&#8220;][vc_column_text]<\/p>\n<h2><span style=\"color: #ffffff;\">KONSTRUIREN<\/span><\/h2>\n<p>[\/vc_column_text][vc_column_text css=&#8220;.vc_custom_1530532841267{margin-top: 25px !important;margin-bottom: 25px !important;}&#8220;]<\/p>\n<p class=\"vc_custom_heading vc_custom_1523513727068\" style=\"font-size: 20px; color: #ffffff; line-height: 28px; text-align: left;\">Die Herstellung der Konstruktionen stellt den Kern unseres Angebots dar.<\/p>\n<p>[\/vc_column_text][vc_column_text css=&#8220;.vc_custom_1530532862139{margin-right: 6rem !important;margin-bottom: 25px !important;}&#8220; el_class=&#8220;box-responsive&#8220;]<\/p>\n<p style=\"text-align: left;\"><span style=\"color: #ffffff;\">Wir stellen Konstruktionen der Werkzeuge f\u00fcr die Autoindustrie her, die Industrie der Haushaltsger\u00e4te, technische Ger\u00e4te, die Verpackungsindustrie und anderes.<\/span><\/p>\n<p>&nbsp;<\/p>\n<p style=\"text-align: left;\"><span style=\"color: #ffffff;\">Viel Aufmerksamkeit schenken wir den technologischen Topl\u00f6sungen in der Phase der Werkzeugplanung. Wir verfolgen die letzten Richtlinien bei der Herstellung der Werkzeuge und implementieren sie in unsere Konstruktionen. <\/span><\/p>\n<p>[\/vc_column_text]<a  itemprop=\"url\" href=\"https:\/\/www.cad-dizajn.hr\/de\/das-konstruiren-der-plastikspritzgusswerkzeuge\/\" target=\"_self\"  class=\"qbutton  big_large center enlarge\" style=\"\">Mehr<\/a>[\/qode_elements_holder_item][qode_elements_holder_item item_padding=&#8220;50px 0 0 0&#8243; vertical_alignment=&#8220;middle&#8220; advanced_animations=&#8220;no&#8220;][qode_in_device_slider device=&#8220;desktop&#8220; titles_on_hover=&#8220;no&#8220; navigation=&#8220;no&#8220; auto_start=&#8220;yes&#8220; timeout=&#8220;4500&#8243;][qode_in_device_slider_item target=&#8220;_blank&#8220; image=&#8220;810&#8243;][qode_in_device_slider_item target=&#8220;_blank&#8220; image=&#8220;1087&#8243;][qode_in_device_slider_item target=&#8220;_blank&#8220; image=&#8220;813&#8243;][\/qode_in_device_slider][\/qode_elements_holder_item][\/qode_elements_holder][\/vc_column][\/vc_row][vc_row css_animation=&#8220;&#8220; row_type=&#8220;row&#8220; use_row_as_full_screen_section=&#8220;no&#8220; type=&#8220;full_width&#8220; angled_section=&#8220;no&#8220; text_align=&#8220;left&#8220; background_image=&#8220;708&#8243; background_image_as_pattern=&#8220;without_pattern&#8220; background_color=&#8220;#e8e8e8&#8243; css=&#8220;.vc_custom_1528971922323{padding-top: 190px !important;padding-bottom: 190px !important;}&#8220; z_index=&#8220;&#8220;][vc_column css_animation=&#8220;fadeInDown&#8220; width=&#8220;1\/4&#8243;][\/vc_column][vc_column width=&#8220;1\/2&#8243;][vc_column_text css=&#8220;.vc_custom_1530533001583{margin-bottom: 25px !important;}&#8220;]<\/p>\n<h2 class=\"vc_custom_heading vc_custom_1523950218650\" style=\"color: #000000; text-align: center;\">KALKULATIONEN<\/h2>\n<p>[\/vc_column_text][vc_column_text css=&#8220;.vc_custom_1530533029232{margin-top: 25px !important;margin-bottom: 25px !important;}&#8220;]<\/p>\n<p style=\"font-size: 20px; color: #000000; line-height: 28px; text-align: center;\">Wir sind die Einzigen auf dem Markt, die die Beratung auf dem Gebiet der Herstellung der Kalkulationen und die Herstellung der Kalkulationen der Werkzeuge f\u00fcr die Verarbeitung von Thermoplasten anbieten.<br \/>\nAuf dem Gebiet der Herstellung der Konzepte und Kalkulationen haben wir Erfahrungen mit mehr als 500 Werkzeugen. Wir verf\u00fcgen \u00fcber eine eigene Datenbasis und die Programme f\u00fcr die Erstellung der Kalkulationen.<\/p>\n<p>[\/vc_column_text][\/vc_column][vc_column width=&#8220;1\/4&#8243;][\/vc_column][\/vc_row][vc_row css_animation=&#8220;element_from_right&#8220; row_type=&#8220;row&#8220; use_row_as_full_screen_section=&#8220;no&#8220; type=&#8220;grid&#8220; angled_section=&#8220;yes&#8220; angled_section_position=&#8220;both&#8220; angled_section_direction=&#8220;from_right_to_left&#8220; text_align=&#8220;left&#8220; background_image_as_pattern=&#8220;without_pattern&#8220; background_color=&#8220;#ffffff&#8220; padding_top=&#8220;75&#8243; padding_bottom=&#8220;75&#8243; z_index=&#8220;&#8220; css=&#8220;.vc_custom_1529067421460{padding-top: 120px !important;padding-bottom: 120px !important;}&#8220;][vc_column width=&#8220;1\/2&#8243;][vc_single_image image=&#8220;1092&#8243; img_size=&#8220;full&#8220; qode_css_animation=&#8220;element_from_top&#8220; css=&#8220;.vc_custom_1529393019703{margin-top: 35px !important;margin-bottom: 35px !important;}&#8220;][\/vc_column][vc_column width=&#8220;1\/2&#8243;][vc_column_text css=&#8220;.vc_custom_1530533040552{margin-bottom: 35px !important;}&#8220;]<\/p>\n<h2 class=\"vc_custom_heading vc_custom_1523950218650\" style=\"color: #000000; text-align: left;\">UNTERST\u00dcTZUNG<\/h2>\n<p>[\/vc_column_text][vc_column_text css=&#8220;.vc_custom_1530533054124{margin-bottom: 25px !important;}&#8220;]<\/p>\n<p class=\"vc_custom_heading vc_custom_1523513727068\" style=\"font-size: 20px; color: #000000; line-height: 28px; text-align: left;\">Neben der Konstruktion bieten wir auch die Unterst\u00fctzung im Prozess der Planung und Herstellung der Werkzeuges an:<\/p>\n<p>[\/vc_column_text][vc_column_text css=&#8220;.vc_custom_1530533138274{margin-bottom: 35px !important;}&#8220;]<\/p>\n<ul>\n<li>Die anfertigung des konzeptes, der dmf analyse, der moldflow simulation,<\/li>\n<li>Die thermographie, analysen und vorschl\u00e4ge zur verbesserung des herrschenden zustandes des werkzeuges,<\/li>\n<li>Das konstruiren der elektroden und die herstellung der erodierdokumentation,<\/li>\n<li>Die herstellung des ger\u00e4tes f\u00fcr erosion, drahterosion, drehen und fr\u00e4sen,<\/li>\n<li>Die anfertigung der kompletten 2d technischen dokumentation,<\/li>\n<li>Die anfertigung der genauen st\u00fccklisten mit der liste der lieferanten,<\/li>\n<li>Die t\u00f6nung der toleranzen und behandlungen auf dem 3d modell als alternative zu den 2d zeichnungen,<\/li>\n<li>\u2022 Die anfertigung der handb\u00fccher zur wartung von werkzeugen, der technischen vorschriften f\u00fcr werkzeuge,<br \/>\nU. \u00c4.<\/li>\n<\/ul>\n<p>[\/vc_column_text]<a  itemprop=\"url\" href=\"https:\/\/www.cad-dizajn.hr\/de\/die-unterstuetzung-im-prozess-der-planung-der-plastikspritzgusswerkzeuge\/\" target=\"_self\" data-hover-color='#ffffff' class=\"qbutton  big_large center enlarge\" style=\"color: #1e73be; border-color: #1e73be; margin: 25 0 0 0; \">Mehr<\/a>[\/vc_column][\/vc_row][vc_row css_animation=&#8220;element_from_left&#8220; row_type=&#8220;row&#8220; use_row_as_full_screen_section=&#8220;no&#8220; type=&#8220;grid&#8220; angled_section=&#8220;no&#8220; text_align=&#8220;left&#8220; background_image=&#8220;716&#8243; background_image_as_pattern=&#8220;without_pattern&#8220; background_color=&#8220;#0070c1&#8243; padding_top=&#8220;120&#8243; padding_bottom=&#8220;120&#8243; z_index=&#8220;&#8220; css=&#8220;.vc_custom_1529299827075{padding-top: 150px !important;padding-bottom: 190px !important;}&#8220;][vc_column offset=&#8220;vc_col-lg-offset-1 vc_col-lg-10&#8243;][vc_column_text css=&#8220;.vc_custom_1530533162037{margin-top: 45px !important;margin-bottom: 35px !important;}&#8220;]<\/p>\n<h2 style=\"text-align: center;\"><span style=\"color: #ffffff;\">BERATUNG<\/span><\/h2>\n<p>[\/vc_column_text][vc_column_text]<\/p>\n<p style=\"font-size: 20px; color: #000000; line-height: 28px; text-align: left;\"><span style=\"color: #ffffff;\">Wir beraten bei der Auswahl der Liereranten der Normalien f\u00fcr den Formenbau, der Lieferanten der Heisskanalkomponenten, des Materials und der Dienstleistungen wie H\u00e4rten, lokales Laserh\u00e4rten, Nietrieren, Chromieren, besondere PVD Beschichtungen usw.<\/span><\/p>\n<p style=\"font-size: 20px; color: #000000; line-height: 28px; text-align: left;\"><span style=\"color: #ffffff;\">Mit den Kooperanten bieten wir ausf\u00fcrliche Moldflow Analysen an, die in der Konzeptphase der anspruchsvollen Projekte n\u00f6tig sind. Durch Kooperation bieten wir auch DLMS \u2013 das Lasersintrieren der konformgek\u00fchlten Werkzeugteile an.<br \/>\n<\/span><\/p>\n<p>[\/vc_column_text][\/vc_column][\/vc_row][vc_row css_animation=&#8220;&#8220; row_type=&#8220;row&#8220; use_row_as_full_screen_section=&#8220;no&#8220; type=&#8220;grid&#8220; angled_section=&#8220;yes&#8220; angled_section_position=&#8220;both&#8220; angled_section_direction=&#8220;from_right_to_left&#8220; text_align=&#8220;left&#8220; background_image_as_pattern=&#8220;without_pattern&#8220; z_index=&#8220;&#8220;][vc_column css_animation=&#8220;fadeInLeft&#8220; width=&#8220;1\/2&#8243; css=&#8220;.vc_custom_1529067603423{margin-top: 60px !important;}&#8220;][vc_column_text css=&#8220;.vc_custom_1530533221936{margin-top: 45px !important;}&#8220;]<\/p>\n<h2 style=\"text-align: center;\">THERMOGRAPHIE<\/h2>\n<p>[\/vc_column_text][vc_column_text css=&#8220;.vc_custom_1530533239794{margin-top: 25px !important;margin-bottom: 25px !important;}&#8220;]<\/p>\n<p class=\"vc_custom_heading vc_custom_1523513727068\" style=\"font-size: 20px; color: #ffffff; line-height: 28px; text-align: left;\"><span style=\"color: #000000;\">Wir bieten komplette Dienstleistungen auf dem Gebiet der Thermographie mit der zweckgerichteten FLIR W\u00e4rmebildkamera an.<\/span><\/p>\n<p>[\/vc_column_text][vc_column_text]Mit der eigenen FLIR W\u00e4rmebildkamera analysieren wir den herrschenden Zustand des Produktes, vor allem bei der Herstellung der Wiederholungswerkzeuge. Wir bestimmen die kritischen Punkte, die die Qualit\u00e4t der Produkte und die Zykluszeit negativ beeinflussen.<br \/>\nMit der Anwendung der fortschrittlichen Technologien verbessern wir die Temperierung auf den Zielpunkten und verbessern damit die Qualit\u00e4t des Wiederholungswerkzeuges.<br \/>\nWir analysieren das Funktionieren des Temperier- und Angusssystems auf herrschenden Werkzeugen und beraten bei den Massnahmen f\u00fcr die Minderung der Zykluszeit.[\/vc_column_text][\/vc_column][vc_column css_animation=&#8220;fadeInRight&#8220; width=&#8220;1\/2&#8243; css=&#8220;.vc_custom_1529067596242{margin-top: -120px !important;}&#8220; el_class=&#8220;my-res-img&#8220;][vc_single_image image=&#8220;827&#8243; img_size=&#8220;full&#8220; qode_css_animation=&#8220;&#8220;][\/vc_column][\/vc_row]<\/p>\n","protected":false},"excerpt":{"rendered":"<p>[vc_row css_animation=&#8220;&#8220; row_type=&#8220;row&#8220; use_row_as_full_screen_section=&#8220;no&#8220; type=&#8220;full_width&#8220; angled_section=&#8220;no&#8220; text_align=&#8220;left&#8220; background_image_as_pattern=&#8220;without_pattern&#8220; z_index=&#8220;1&#8243;][vc_column][rev_slider_vc alias=&#8220;home-slider-de&#8220;][\/vc_column][\/vc_row][vc_row css_animation=&#8220;element_from_fade&#8220; row_type=&#8220;row&#8220; use_row_as_full_screen_section=&#8220;no&#8220; type=&#8220;grid&#8220; angled_section=&#8220;no&#8220; text_align=&#8220;left&#8220; background_image_as_pattern=&#8220;without_pattern&#8220; css=&#8220;.vc_custom_1528891293032{padding-top: 75px !important;padding-bottom: 75px !important;background-color: #ffffff !important;}&#8220; z_index=&#8220;&#8220;][vc_column parallax=&#8220;content-moving&#8220;][vc_column_text] \u00dcber die Unternehmensgr\u00fcnder [\/vc_column_text][vc_row_inner row_type=&#8220;row&#8220; type=&#8220;full_width&#8220; text_align=&#8220;left&#8220; css_animation=&#8220;&#8220; css=&#8220;.vc_custom_1538727926637{margin-top: 50px !important;}&#8220;][vc_column_inner width=&#8220;1\/4&#8243; offset=&#8220;vc_hidden-sm vc_hidden-xs&#8220;][\/vc_column_inner][vc_column_inner width=&#8220;1\/2&#8243;][\/vc_column_inner][vc_column_inner width=&#8220;1\/4&#8243; offset=&#8220;vc_hidden-sm vc_hidden-xs&#8220;][\/vc_column_inner][\/vc_row_inner][\/vc_column][\/vc_row][vc_row css_animation=&#8220;&#8220;&#8230;<\/p>\n","protected":false},"author":1,"featured_media":0,"parent":0,"menu_order":0,"comment_status":"closed","ping_status":"closed","template":"full_width.php","meta":[],"_links":{"self":[{"href":"https:\/\/www.cad-dizajn.hr\/de\/wp-json\/wp\/v2\/pages\/1448"}],"collection":[{"href":"https:\/\/www.cad-dizajn.hr\/de\/wp-json\/wp\/v2\/pages"}],"about":[{"href":"https:\/\/www.cad-dizajn.hr\/de\/wp-json\/wp\/v2\/types\/page"}],"author":[{"embeddable":true,"href":"https:\/\/www.cad-dizajn.hr\/de\/wp-json\/wp\/v2\/users\/1"}],"replies":[{"embeddable":true,"href":"https:\/\/www.cad-dizajn.hr\/de\/wp-json\/wp\/v2\/comments?post=1448"}],"version-history":[{"count":9,"href":"https:\/\/www.cad-dizajn.hr\/de\/wp-json\/wp\/v2\/pages\/1448\/revisions"}],"predecessor-version":[{"id":1727,"href":"https:\/\/www.cad-dizajn.hr\/de\/wp-json\/wp\/v2\/pages\/1448\/revisions\/1727"}],"wp:attachment":[{"href":"https:\/\/www.cad-dizajn.hr\/de\/wp-json\/wp\/v2\/media?parent=1448"}],"curies":[{"name":"wp","href":"https:\/\/api.w.org\/{rel}","templated":true}]}}